{"id":595,"date":"2015-09-06T07:18:53","date_gmt":"2015-09-06T07:18:53","guid":{"rendered":"http:\/\/amaltea.az.pl\/?page_id=595"},"modified":"2021-04-09T22:39:46","modified_gmt":"2021-04-09T22:39:46","slug":"wydarzenia-i-spotkania-autorskie","status":"publish","type":"page","link":"http:\/\/amaltea.az.pl\/wp\/wydarzenia-i-spotkania-autorskie\/","title":{"rendered":"Wydarzenia i spotkania autorskie"},"content":{"rendered":"<div class=\"mks_toggle\">\r\n            <div class=\"mks_toggle_heading\">Zapowiedzi na 2021 rok - Anna Zonov\u00e1<i class=\"fa fa-plus\"><\/i><i class=\"fa fa-minus\"><\/i><\/div>\r\n                <div class=\"mks_toggle_content\">\n<p style=\"text-align: justify;\"><img loading=\"lazy\" decoding=\"async\" class=\"alignleft wp-image-608\" src=\"http:\/\/amaltea.az.pl\/wp-content\/uploads\/2021\/04\/zonova-okl-ost3.jpg\" alt=\"nowosci wiosna 2021\" width=\"75\" height=\"100\" \/><\/p>\n<p style=\"text-align: justify;\">\nWiosn\u0105 2021 roku nak\u0142adem Wydawnictwa Amaltea uka\u017ce si\u0119 <\/p>\n<li><b><a href=\"http:\/\/amaltea.az.pl\/kara-i-nagroda\/\"><i>Kara i nagroda<\/i><\/a><\/b> Anny Zonovej w&nbsp;przek\u0142adzie Anny Ma\u015blanki, premiera 13 maja 2021<\/li>\n<p>Zapraszamy na wsp\u00f3ln\u0105 literacka uczt\u0119!\n<\/p>\n<p><\/p>\n<p><\/p>\n<\/div>\r\n            <\/div>\n<iframe loading=\"lazy\"   id=\"TimeLine Amaltea\"\n    title=\"TimeLine Amaltea\"\n    width=\"120%\"\n    height=\"650\"\n    src=\"http:\/\/cdn.knightlab.com\/libs\/timeline3\/latest\/embed\/index.html?source=10VAtrAOv_nVyghaUBcqlps1BannBuH4UjX4NjtbRk7Y&amp;start_at_end=true&amp;initial_zoom=1&amp;\"><br \/>\n<\/iframe><br \/>\n<!--\n<iframe loading=\"lazy\" src=\"\/\/cdn.knightlab.com\/libs\/timeline3\/latest\/embed\/index.html?source=10VAtrAOv_nVyghaUBcqlps1BannBuH4UjX4NjtbRk7Y&amp;font=Default&amp;lang=pl&amp;start_at_end=true&amp;initial_zoom=2&amp;height=700\" width=\"130%\" height=\"700\" frameborder=\"0\"><\/iframe>\n--><\/p>\n","protected":false},"excerpt":{"rendered":"","protected":false},"author":1,"featured_media":0,"parent":0,"menu_order":0,"comment_status":"closed","ping_status":"closed","template":"","meta":{"footnotes":""},"yoast_head":"<!-- This site is optimized with the Yoast SEO plugin v23.5 - https:\/\/yoast.com\/wordpress\/plugins\/seo\/ -->\n<title>Spotkania autorskie i inne wydarzenia - Wydawnictwo Amaltea<\/title>\n<meta name=\"description\" content=\"Wydarzenia i spotkania autorskie - Wydawnictwo Amaltea - strona g\u0142\u00f3wna. Nowo\u015bci. Wizyty autor\u00f3w w Polsce. Spotkania z t\u0142umaczami.\" \/>\n<meta name=\"robots\" content=\"index, follow, max-snippet:-1, max-image-preview:large, max-video-preview:-1\" \/>\n<link rel=\"canonical\" href=\"http:\/\/amaltea.az.pl\/wp\/wydarzenia-i-spotkania-autorskie\/\" \/>\n<meta property=\"og:locale\" content=\"pl_PL\" \/>\n<meta property=\"og:type\" content=\"article\" \/>\n<meta property=\"og:title\" content=\"Spotkania autorskie i inne wydarzenia - Wydawnictwo Amaltea\" \/>\n<meta property=\"og:description\" content=\"Wydarzenia i spotkania autorskie - Wydawnictwo Amaltea - strona g\u0142\u00f3wna. Nowo\u015bci. Wizyty autor\u00f3w w Polsce. Spotkania z t\u0142umaczami.\" \/>\n<meta property=\"og:url\" content=\"http:\/\/amaltea.az.pl\/wp\/wydarzenia-i-spotkania-autorskie\/\" \/>\n<meta property=\"og:site_name\" content=\"Wydawnictwo Amaltea\" \/>\n<meta property=\"article:publisher\" content=\"https:\/\/pl-pl.facebook.com\/Wydawnictwo-Amaltea-1486854684913388\/\" \/>\n<meta property=\"article:modified_time\" content=\"2021-04-09T22:39:46+00:00\" \/>\n<meta property=\"og:image\" content=\"http:\/\/amaltea.az.pl\/wp-content\/uploads\/2021\/04\/zonova-okl-ost3.jpg\" \/>\n<script type=\"application\/ld+json\" class=\"yoast-schema-graph\">{\"@context\":\"https:\/\/schema.org\",\"@graph\":[{\"@type\":\"WebPage\",\"@id\":\"http:\/\/amaltea.az.pl\/wp\/wydarzenia-i-spotkania-autorskie\/\",\"url\":\"http:\/\/amaltea.az.pl\/wp\/wydarzenia-i-spotkania-autorskie\/\",\"name\":\"Spotkania autorskie i inne wydarzenia - Wydawnictwo Amaltea\",\"isPartOf\":{\"@id\":\"https:\/\/amaltea.az.pl\/wp\/#website\"},\"primaryImageOfPage\":{\"@id\":\"http:\/\/amaltea.az.pl\/wp\/wydarzenia-i-spotkania-autorskie\/#primaryimage\"},\"image\":{\"@id\":\"http:\/\/amaltea.az.pl\/wp\/wydarzenia-i-spotkania-autorskie\/#primaryimage\"},\"thumbnailUrl\":\"http:\/\/amaltea.az.pl\/wp-content\/uploads\/2021\/04\/zonova-okl-ost3.jpg\",\"datePublished\":\"2015-09-06T07:18:53+00:00\",\"dateModified\":\"2021-04-09T22:39:46+00:00\",\"description\":\"Wydarzenia i spotkania autorskie - Wydawnictwo Amaltea - strona g\u0142\u00f3wna. Nowo\u015bci. Wizyty autor\u00f3w w Polsce. Spotkania z t\u0142umaczami.\",\"breadcrumb\":{\"@id\":\"http:\/\/amaltea.az.pl\/wp\/wydarzenia-i-spotkania-autorskie\/#breadcrumb\"},\"inLanguage\":\"pl-PL\",\"potentialAction\":[{\"@type\":\"ReadAction\",\"target\":[\"http:\/\/amaltea.az.pl\/wp\/wydarzenia-i-spotkania-autorskie\/\"]}]},{\"@type\":\"ImageObject\",\"inLanguage\":\"pl-PL\",\"@id\":\"http:\/\/amaltea.az.pl\/wp\/wydarzenia-i-spotkania-autorskie\/#primaryimage\",\"url\":\"http:\/\/amaltea.az.pl\/wp\/wp-content\/uploads\/2015\/09\/ANGELUS_logo.png\",\"contentUrl\":\"http:\/\/amaltea.az.pl\/wp\/wp-content\/uploads\/2015\/09\/ANGELUS_logo.png\",\"width\":372,\"height\":256},{\"@type\":\"BreadcrumbList\",\"@id\":\"http:\/\/amaltea.az.pl\/wp\/wydarzenia-i-spotkania-autorskie\/#breadcrumb\",\"itemListElement\":[{\"@type\":\"ListItem\",\"position\":1,\"name\":\"Strona g\u0142\u00f3wna\",\"item\":\"https:\/\/amaltea.az.pl\/wp\/\"},{\"@type\":\"ListItem\",\"position\":2,\"name\":\"Wydarzenia i spotkania autorskie\"}]},{\"@type\":\"WebSite\",\"@id\":\"https:\/\/amaltea.az.pl\/wp\/#website\",\"url\":\"https:\/\/amaltea.az.pl\/wp\/\",\"name\":\"Wydawnictwo Amaltea\",\"description\":\"\",\"publisher\":{\"@id\":\"https:\/\/amaltea.az.pl\/wp\/#organization\"},\"potentialAction\":[{\"@type\":\"SearchAction\",\"target\":{\"@type\":\"EntryPoint\",\"urlTemplate\":\"https:\/\/amaltea.az.pl\/wp\/?s={search_term_string}\"},\"query-input\":{\"@type\":\"PropertyValueSpecification\",\"valueRequired\":true,\"valueName\":\"search_term_string\"}}],\"inLanguage\":\"pl-PL\"},{\"@type\":\"Organization\",\"@id\":\"https:\/\/amaltea.az.pl\/wp\/#organization\",\"name\":\"Wydawnictwo Amaltea Us\u0142ugi Wydawnicze\",\"url\":\"https:\/\/amaltea.az.pl\/wp\/\",\"logo\":{\"@type\":\"ImageObject\",\"inLanguage\":\"pl-PL\",\"@id\":\"https:\/\/amaltea.az.pl\/wp\/#\/schema\/logo\/image\/\",\"url\":\"https:\/\/amaltea.az.pl\/wp\/wp-content\/uploads\/2015\/08\/wydawnictwo_amaltea_logo.png\",\"contentUrl\":\"https:\/\/amaltea.az.pl\/wp\/wp-content\/uploads\/2015\/08\/wydawnictwo_amaltea_logo.png\",\"width\":1448,\"height\":2048,\"caption\":\"Wydawnictwo Amaltea Us\u0142ugi Wydawnicze\"},\"image\":{\"@id\":\"https:\/\/amaltea.az.pl\/wp\/#\/schema\/logo\/image\/\"},\"sameAs\":[\"https:\/\/pl-pl.facebook.com\/Wydawnictwo-Amaltea-1486854684913388\/\",\"https:\/\/www.instagram.com\/wydawnictwoamaltea\/\"]}]}<\/script>\n<!-- \/ Yoast SEO plugin. -->","yoast_head_json":{"title":"Spotkania autorskie i inne wydarzenia - Wydawnictwo Amaltea","description":"Wydarzenia i spotkania autorskie - Wydawnictwo Amaltea - strona g\u0142\u00f3wna. Nowo\u015bci. Wizyty autor\u00f3w w Polsce. Spotkania z t\u0142umaczami.","robots":{"index":"index","follow":"follow","max-snippet":"max-snippet:-1","max-image-preview":"max-image-preview:large","max-video-preview":"max-video-preview:-1"},"canonical":"http:\/\/amaltea.az.pl\/wp\/wydarzenia-i-spotkania-autorskie\/","og_locale":"pl_PL","og_type":"article","og_title":"Spotkania autorskie i inne wydarzenia - Wydawnictwo Amaltea","og_description":"Wydarzenia i spotkania autorskie - Wydawnictwo Amaltea - strona g\u0142\u00f3wna. Nowo\u015bci. Wizyty autor\u00f3w w Polsce. Spotkania z t\u0142umaczami.","og_url":"http:\/\/amaltea.az.pl\/wp\/wydarzenia-i-spotkania-autorskie\/","og_site_name":"Wydawnictwo Amaltea","article_publisher":"https:\/\/pl-pl.facebook.com\/Wydawnictwo-Amaltea-1486854684913388\/","article_modified_time":"2021-04-09T22:39:46+00:00","og_image":[{"url":"http:\/\/amaltea.az.pl\/wp-content\/uploads\/2021\/04\/zonova-okl-ost3.jpg"}],"schema":{"@context":"https:\/\/schema.org","@graph":[{"@type":"WebPage","@id":"http:\/\/amaltea.az.pl\/wp\/wydarzenia-i-spotkania-autorskie\/","url":"http:\/\/amaltea.az.pl\/wp\/wydarzenia-i-spotkania-autorskie\/","name":"Spotkania autorskie i inne wydarzenia - Wydawnictwo Amaltea","isPartOf":{"@id":"https:\/\/amaltea.az.pl\/wp\/#website"},"primaryImageOfPage":{"@id":"http:\/\/amaltea.az.pl\/wp\/wydarzenia-i-spotkania-autorskie\/#primaryimage"},"image":{"@id":"http:\/\/amaltea.az.pl\/wp\/wydarzenia-i-spotkania-autorskie\/#primaryimage"},"thumbnailUrl":"http:\/\/amaltea.az.pl\/wp-content\/uploads\/2021\/04\/zonova-okl-ost3.jpg","datePublished":"2015-09-06T07:18:53+00:00","dateModified":"2021-04-09T22:39:46+00:00","description":"Wydarzenia i spotkania autorskie - Wydawnictwo Amaltea - strona g\u0142\u00f3wna. Nowo\u015bci. Wizyty autor\u00f3w w Polsce. Spotkania z t\u0142umaczami.","breadcrumb":{"@id":"http:\/\/amaltea.az.pl\/wp\/wydarzenia-i-spotkania-autorskie\/#breadcrumb"},"inLanguage":"pl-PL","potentialAction":[{"@type":"ReadAction","target":["http:\/\/amaltea.az.pl\/wp\/wydarzenia-i-spotkania-autorskie\/"]}]},{"@type":"ImageObject","inLanguage":"pl-PL","@id":"http:\/\/amaltea.az.pl\/wp\/wydarzenia-i-spotkania-autorskie\/#primaryimage","url":"http:\/\/amaltea.az.pl\/wp\/wp-content\/uploads\/2015\/09\/ANGELUS_logo.png","contentUrl":"http:\/\/amaltea.az.pl\/wp\/wp-content\/uploads\/2015\/09\/ANGELUS_logo.png","width":372,"height":256},{"@type":"BreadcrumbList","@id":"http:\/\/amaltea.az.pl\/wp\/wydarzenia-i-spotkania-autorskie\/#breadcrumb","itemListElement":[{"@type":"ListItem","position":1,"name":"Strona g\u0142\u00f3wna","item":"https:\/\/amaltea.az.pl\/wp\/"},{"@type":"ListItem","position":2,"name":"Wydarzenia i spotkania autorskie"}]},{"@type":"WebSite","@id":"https:\/\/amaltea.az.pl\/wp\/#website","url":"https:\/\/amaltea.az.pl\/wp\/","name":"Wydawnictwo Amaltea","description":"","publisher":{"@id":"https:\/\/amaltea.az.pl\/wp\/#organization"},"potentialAction":[{"@type":"SearchAction","target":{"@type":"EntryPoint","urlTemplate":"https:\/\/amaltea.az.pl\/wp\/?s={search_term_string}"},"query-input":{"@type":"PropertyValueSpecification","valueRequired":true,"valueName":"search_term_string"}}],"inLanguage":"pl-PL"},{"@type":"Organization","@id":"https:\/\/amaltea.az.pl\/wp\/#organization","name":"Wydawnictwo Amaltea Us\u0142ugi Wydawnicze","url":"https:\/\/amaltea.az.pl\/wp\/","logo":{"@type":"ImageObject","inLanguage":"pl-PL","@id":"https:\/\/amaltea.az.pl\/wp\/#\/schema\/logo\/image\/","url":"https:\/\/amaltea.az.pl\/wp\/wp-content\/uploads\/2015\/08\/wydawnictwo_amaltea_logo.png","contentUrl":"https:\/\/amaltea.az.pl\/wp\/wp-content\/uploads\/2015\/08\/wydawnictwo_amaltea_logo.png","width":1448,"height":2048,"caption":"Wydawnictwo Amaltea Us\u0142ugi Wydawnicze"},"image":{"@id":"https:\/\/amaltea.az.pl\/wp\/#\/schema\/logo\/image\/"},"sameAs":["https:\/\/pl-pl.facebook.com\/Wydawnictwo-Amaltea-1486854684913388\/","https:\/\/www.instagram.com\/wydawnictwoamaltea\/"]}]}},"_links":{"self":[{"href":"http:\/\/amaltea.az.pl\/wp\/wp-json\/wp\/v2\/pages\/595"}],"collection":[{"href":"http:\/\/amaltea.az.pl\/wp\/wp-json\/wp\/v2\/pages"}],"about":[{"href":"http:\/\/amaltea.az.pl\/wp\/wp-json\/wp\/v2\/types\/page"}],"author":[{"embeddable":true,"href":"http:\/\/amaltea.az.pl\/wp\/wp-json\/wp\/v2\/users\/1"}],"replies":[{"embeddable":true,"href":"http:\/\/amaltea.az.pl\/wp\/wp-json\/wp\/v2\/comments?post=595"}],"version-history":[{"count":102,"href":"http:\/\/amaltea.az.pl\/wp\/wp-json\/wp\/v2\/pages\/595\/revisions"}],"predecessor-version":[{"id":2698,"href":"http:\/\/amaltea.az.pl\/wp\/wp-json\/wp\/v2\/pages\/595\/revisions\/2698"}],"wp:attachment":[{"href":"http:\/\/amaltea.az.pl\/wp\/wp-json\/wp\/v2\/media?parent=595"}],"curies":[{"name":"wp","href":"https:\/\/api.w.org\/{rel}","templated":true}]}}